{"id":51,"date":"2026-01-17T12:25:13","date_gmt":"2026-01-17T12:25:13","guid":{"rendered":"https:\/\/smallyesses.com\/?page_id=51"},"modified":"2026-05-11T15:32:52","modified_gmt":"2026-05-11T15:32:52","slug":"ueber","status":"publish","type":"page","link":"https:\/\/smallyesses.com\/en\/ueber\/","title":{"rendered":"About"},"content":{"rendered":"\t\t<div data-elementor-type=\"wp-page\" data-elementor-id=\"51\" class=\"elementor elementor-51\" data-elementor-post-type=\"page\">\n\t\t\t\t<div class=\"elementor-element elementor-element-4ca4004a e-flex e-con-boxed e-con e-parent\" data-id=\"4ca4004a\" data-element_type=\"container\" data-e-type=\"container\" data-settings=\"{&quot;background_background&quot;:&quot;classic&quot;}\">\n\t\t\t\t\t<div class=\"e-con-inner\">\n\t\t\t\t<div class=\"elementor-element elementor-element-5705df5c elementor-widget__width-initial animated-slow elementor-widget elementor-widget-heading\" data-id=\"5705df5c\" data-element_type=\"widget\" data-e-type=\"widget\" data-settings=\"{&quot;_animation&quot;:&quot;none&quot;,&quot;_animation_delay&quot;:200}\" data-widget_type=\"heading.default\">\n\t\t\t\t\t<h1 class=\"elementor-heading-title elementor-size-default\">SmallYesses: aus der Google Ads-Praxis und f\u00fcr sie\n\n<\/h1>\t\t\t\t<\/div>\n\t\t\t\t\t<\/div>\n\t\t\t\t<\/div>\n\t\t<div class=\"elementor-element elementor-element-63ef192 e-flex e-con-boxed e-con e-parent\" data-id=\"63ef192\" data-element_type=\"container\" data-e-type=\"container\" data-no-translation=\"\">\n\t\t\t\t\t<div class=\"e-con-inner\">\n\t\t\t\t<div class=\"elementor-element elementor-element-5d87ee1 elementor-widget elementor-widget-html\" data-id=\"5d87ee1\" data-element_type=\"widget\" data-e-type=\"widget\" data-widget_type=\"html.default\">\n\t\t\t\t\t<script src=\"https:\/\/fast.wistia.com\/player.js\" async><\/script><script src=\"https:\/\/fast.wistia.com\/embed\/i5jvcjojdg.js\" async type=\"module\"><\/script><style>wistia-player[media-id='i5jvcjojdg']:not(:defined) { background: center \/ contain no-repeat url('https:\/\/fast.wistia.com\/embed\/medias\/i5jvcjojdg\/swatch'); display: block; filter: blur(5px); padding-top:56.25%; }<\/style> <wistia-player media-id=\"i5jvcjojdg\" aspect=\"1.7777777777777777\"><\/wistia-player>\t\t\t\t<\/div>\n\t\t\t\t\t<\/div>\n\t\t\t\t<\/div>\n\t\t<div class=\"elementor-element elementor-element-36062435 e-flex e-con-boxed e-con e-parent\" data-id=\"36062435\" data-element_type=\"container\" data-e-type=\"container\" data-settings=\"{&quot;background_background&quot;:&quot;gradient&quot;}\">\n\t\t\t\t\t<div class=\"e-con-inner\">\n\t\t<div class=\"elementor-element elementor-element-d77b71e e-con-full e-flex e-con e-child\" data-id=\"d77b71e\" data-element_type=\"container\" data-e-type=\"container\">\n\t\t\t\t<div class=\"elementor-element elementor-element-dc72fd3 elementor-widget__width-inherit elementor-widget elementor-widget-text-editor\" data-id=\"dc72fd3\" data-element_type=\"widget\" data-e-type=\"widget\" data-widget_type=\"text-editor.default\">\n\t\t\t\t\t\t\t\t\t<p>Die Messagingmethode SmallYesses wurde entwickelt vom Schweizer Texter Aurel Gergey.<\/p>\t\t\t\t\t\t\t\t<\/div>\n\t\t\t\t<div class=\"elementor-element elementor-element-411aa60 elementor-widget__width-inherit elementor-widget-mobile__width-auto text1 elementor-widget elementor-widget-text-editor\" data-id=\"411aa60\" data-element_type=\"widget\" data-e-type=\"widget\" data-widget_type=\"text-editor.default\">\n\t\t\t\t\t\t\t\t\t<p>Aurel ist von Hause aus Werbetexter \u2013 und war einer der fr\u00fchesten Nutzer von Google Ads in der Schweiz. Erste Anzeigen f\u00fcr Google Ads realisierte er bereits 2004.<\/p><p>Seither wirkte er an Hunderten von Google Ads-Kampagnen mit \u2013 und entwickelte dabei die SmallYesses-Methode f\u00fcr bessere Google Ads-Texte. Mehr \u00fcber seinen Werdegang bei <a href=\"https:\/\/www.linkedin.com\/in\/aurelgergey\/\">Linkedin<\/a>. Aurel wird unterst\u00fctzt von einem Team freier Mitarbeiter.\u00a0<\/p>\t\t\t\t\t\t\t\t<\/div>\n\t\t\t\t<\/div>\n\t\t\t\t\t<\/div>\n\t\t\t\t<\/div>\n\t\t<div class=\"elementor-element elementor-element-77ed7bd e-flex e-con-boxed e-con e-parent\" data-id=\"77ed7bd\" data-element_type=\"container\" data-e-type=\"container\" data-settings=\"{&quot;background_background&quot;:&quot;classic&quot;}\">\n\t\t\t\t\t<div class=\"e-con-inner\">\n\t\t\t\t<div class=\"elementor-element elementor-element-f1c0702 elementor-widget__width-initial animated-slow elementor-widget elementor-widget-heading\" data-id=\"f1c0702\" data-element_type=\"widget\" data-e-type=\"widget\" data-settings=\"{&quot;_animation&quot;:&quot;none&quot;,&quot;_animation_delay&quot;:200}\" data-widget_type=\"heading.default\">\n\t\t\t\t\t<h1 class=\"elementor-heading-title elementor-size-default\">DAS SMALLYESSES-TEAM<\/h1>\t\t\t\t<\/div>\n\t\t\t\t\t<\/div>\n\t\t\t\t<\/div>\n\t\t<div class=\"elementor-element elementor-element-9382320 e-flex e-con-boxed e-con e-parent\" data-id=\"9382320\" data-element_type=\"container\" data-e-type=\"container\">\n\t\t\t\t\t<div class=\"e-con-inner\">\n\t\t\t\t<div class=\"elementor-element elementor-element-570ce30 gallery-spacing-custom elementor-widget elementor-widget-image-gallery\" data-id=\"570ce30\" data-element_type=\"widget\" data-e-type=\"widget\" data-widget_type=\"image-gallery.default\">\n\t\t\t\t\t\t\t<div class=\"elementor-image-gallery\">\n\t\t\t<div id='gallery-1' class='gallery galleryid-51 gallery-columns-3 gallery-size-full'><figure class='gallery-item'>\n\t\t\t<div class='gallery-icon landscape'>\n\t\t\t\t<a data-elementor-open-lightbox=\"yes\" data-elementor-lightbox-slideshow=\"570ce30\" data-elementor-lightbox-title=\"1-aurel\" data-e-action-hash=\"#elementor-action%3Aaction%3Dlightbox%26settings%3DeyJpZCI6MTQyNCwidXJsIjoiaHR0cHM6XC9cL3NtYWxseWVzc2VzLmNvbVwvd3AtY29udGVudFwvdXBsb2Fkc1wvMjAyNlwvMDRcLzEtYXVyZWwuanBnIiwic2xpZGVzaG93IjoiNTcwY2UzMCJ9\" href='https:\/\/smallyesses.com\/wp-content\/uploads\/2026\/04\/1-aurel.jpg'><img fetchpriority=\"high\" decoding=\"async\" width=\"684\" height=\"684\" src=\"https:\/\/smallyesses.com\/wp-content\/uploads\/2026\/04\/1-aurel.jpg\" class=\"attachment-full size-full\" alt=\"\" aria-describedby=\"gallery-1-1424\" srcset=\"https:\/\/smallyesses.com\/wp-content\/uploads\/2026\/04\/1-aurel.jpg 684w, https:\/\/smallyesses.com\/wp-content\/uploads\/2026\/04\/1-aurel-300x300.jpg 300w, https:\/\/smallyesses.com\/wp-content\/uploads\/2026\/04\/1-aurel-150x150.jpg 150w\" sizes=\"(max-width: 684px) 100vw, 684px\" \/><\/a>\n\t\t\t<\/div>\n\t\t\t\t<figcaption class='wp-caption-text gallery-caption' id='gallery-1-1424'>\n\t\t\t\tAurel, Google Ads Texter | Gr\u00fcnder und Gesch\u00e4ftsf\u00fchrer\n\t\t\t\t<\/figcaption><\/figure><figure class='gallery-item'>\n\t\t\t<div class='gallery-icon landscape'>\n\t\t\t\t<a data-elementor-open-lightbox=\"yes\" data-elementor-lightbox-slideshow=\"570ce30\" data-elementor-lightbox-title=\"2-erik\" data-e-action-hash=\"#elementor-action%3Aaction%3Dlightbox%26settings%3DeyJpZCI6MTQyNSwidXJsIjoiaHR0cHM6XC9cL3NtYWxseWVzc2VzLmNvbVwvd3AtY29udGVudFwvdXBsb2Fkc1wvMjAyNlwvMDRcLzItZXJpay5qcGciLCJzbGlkZXNob3ciOiI1NzBjZTMwIn0%3D\" href='https:\/\/smallyesses.com\/wp-content\/uploads\/2026\/04\/2-erik.jpg'><img decoding=\"async\" width=\"684\" height=\"684\" src=\"https:\/\/smallyesses.com\/wp-content\/uploads\/2026\/04\/2-erik.jpg\" class=\"attachment-full size-full\" alt=\"\" aria-describedby=\"gallery-1-1425\" srcset=\"https:\/\/smallyesses.com\/wp-content\/uploads\/2026\/04\/2-erik.jpg 684w, https:\/\/smallyesses.com\/wp-content\/uploads\/2026\/04\/2-erik-300x300.jpg 300w, https:\/\/smallyesses.com\/wp-content\/uploads\/2026\/04\/2-erik-150x150.jpg 150w\" sizes=\"(max-width: 684px) 100vw, 684px\" \/><\/a>\n\t\t\t<\/div>\n\t\t\t\t<figcaption class='wp-caption-text gallery-caption' id='gallery-1-1425'>\n\t\t\t\tErik Blatter, Google Ads Conversion-Experte\n\t\t\t\t<\/figcaption><\/figure><figure class='gallery-item'>\n\t\t\t<div class='gallery-icon landscape'>\n\t\t\t\t<a data-elementor-open-lightbox=\"yes\" data-elementor-lightbox-slideshow=\"570ce30\" data-elementor-lightbox-title=\"5 stoyan\" data-e-action-hash=\"#elementor-action%3Aaction%3Dlightbox%26settings%3DeyJpZCI6MTQyOCwidXJsIjoiaHR0cHM6XC9cL3NtYWxseWVzc2VzLmNvbVwvd3AtY29udGVudFwvdXBsb2Fkc1wvMjAyNlwvMDRcLzUtc3RveWFuLmpwZyIsInNsaWRlc2hvdyI6IjU3MGNlMzAifQ%3D%3D\" href='https:\/\/smallyesses.com\/wp-content\/uploads\/2026\/04\/5-stoyan.jpg'><img decoding=\"async\" width=\"684\" height=\"684\" src=\"https:\/\/smallyesses.com\/wp-content\/uploads\/2026\/04\/5-stoyan.jpg\" class=\"attachment-full size-full\" alt=\"\" aria-describedby=\"gallery-1-1428\" srcset=\"https:\/\/smallyesses.com\/wp-content\/uploads\/2026\/04\/5-stoyan.jpg 684w, https:\/\/smallyesses.com\/wp-content\/uploads\/2026\/04\/5-stoyan-300x300.jpg 300w, https:\/\/smallyesses.com\/wp-content\/uploads\/2026\/04\/5-stoyan-150x150.jpg 150w\" sizes=\"(max-width: 684px) 100vw, 684px\" \/><\/a>\n\t\t\t<\/div>\n\t\t\t\t<figcaption class='wp-caption-text gallery-caption' id='gallery-1-1428'>\n\t\t\t\tStoyan Georgiev, Software-Entwickler\n\t\t\t\t<\/figcaption><\/figure><figure class='gallery-item'>\n\t\t\t<div class='gallery-icon landscape'>\n\t\t\t\t<a data-elementor-open-lightbox=\"yes\" data-elementor-lightbox-slideshow=\"570ce30\" data-elementor-lightbox-title=\"roger\" data-e-action-hash=\"#elementor-action%3Aaction%3Dlightbox%26settings%3DeyJpZCI6MTQ4OSwidXJsIjoiaHR0cHM6XC9cL3NtYWxseWVzc2VzLmNvbVwvd3AtY29udGVudFwvdXBsb2Fkc1wvMjAyNlwvMDRcL3JvZ2VyLmpwZyIsInNsaWRlc2hvdyI6IjU3MGNlMzAifQ%3D%3D\" href='https:\/\/smallyesses.com\/wp-content\/uploads\/2026\/04\/roger.jpg'><img loading=\"lazy\" decoding=\"async\" width=\"684\" height=\"684\" src=\"https:\/\/smallyesses.com\/wp-content\/uploads\/2026\/04\/roger.jpg\" class=\"attachment-full size-full\" alt=\"\" aria-describedby=\"gallery-1-1489\" srcset=\"https:\/\/smallyesses.com\/wp-content\/uploads\/2026\/04\/roger.jpg 684w, https:\/\/smallyesses.com\/wp-content\/uploads\/2026\/04\/roger-300x300.jpg 300w, https:\/\/smallyesses.com\/wp-content\/uploads\/2026\/04\/roger-150x150.jpg 150w\" sizes=\"(max-width: 684px) 100vw, 684px\" \/><\/a>\n\t\t\t<\/div>\n\t\t\t\t<figcaption class='wp-caption-text gallery-caption' id='gallery-1-1489'>\n\t\t\t\tRoger Gutzwiller, AI-Experte\n\t\t\t\t<\/figcaption><\/figure><figure class='gallery-item'>\n\t\t\t<div class='gallery-icon landscape'>\n\t\t\t\t<a data-elementor-open-lightbox=\"yes\" data-elementor-lightbox-slideshow=\"570ce30\" data-elementor-lightbox-title=\"4 ayoub\" data-e-action-hash=\"#elementor-action%3Aaction%3Dlightbox%26settings%3DeyJpZCI6MTQyNywidXJsIjoiaHR0cHM6XC9cL3NtYWxseWVzc2VzLmNvbVwvd3AtY29udGVudFwvdXBsb2Fkc1wvMjAyNlwvMDRcLzQtYXlvdWIucG5nIiwic2xpZGVzaG93IjoiNTcwY2UzMCJ9\" href='https:\/\/smallyesses.com\/wp-content\/uploads\/2026\/04\/4-ayoub.png'><img loading=\"lazy\" decoding=\"async\" width=\"944\" height=\"944\" src=\"https:\/\/smallyesses.com\/wp-content\/uploads\/2026\/04\/4-ayoub.png\" class=\"attachment-full size-full\" alt=\"\" aria-describedby=\"gallery-1-1427\" srcset=\"https:\/\/smallyesses.com\/wp-content\/uploads\/2026\/04\/4-ayoub.png 944w, https:\/\/smallyesses.com\/wp-content\/uploads\/2026\/04\/4-ayoub-300x300.png 300w, https:\/\/smallyesses.com\/wp-content\/uploads\/2026\/04\/4-ayoub-150x150.png 150w, https:\/\/smallyesses.com\/wp-content\/uploads\/2026\/04\/4-ayoub-768x768.png 768w\" sizes=\"(max-width: 944px) 100vw, 944px\" \/><\/a>\n\t\t\t<\/div>\n\t\t\t\t<figcaption class='wp-caption-text gallery-caption' id='gallery-1-1427'>\n\t\t\t\tAyoub, Project Manager\n\t\t\t\t<\/figcaption><\/figure><figure class='gallery-item'>\n\t\t\t<div class='gallery-icon landscape'>\n\t\t\t\t<a data-elementor-open-lightbox=\"yes\" data-elementor-lightbox-slideshow=\"570ce30\" data-elementor-lightbox-title=\"3 dawas\" data-e-action-hash=\"#elementor-action%3Aaction%3Dlightbox%26settings%3DeyJpZCI6MTQyNiwidXJsIjoiaHR0cHM6XC9cL3NtYWxseWVzc2VzLmNvbVwvd3AtY29udGVudFwvdXBsb2Fkc1wvMjAyNlwvMDRcLzMtZGF3YXMuanBnIiwic2xpZGVzaG93IjoiNTcwY2UzMCJ9\" href='https:\/\/smallyesses.com\/wp-content\/uploads\/2026\/04\/3-dawas.jpg'><img loading=\"lazy\" decoding=\"async\" width=\"684\" height=\"684\" src=\"https:\/\/smallyesses.com\/wp-content\/uploads\/2026\/04\/3-dawas.jpg\" class=\"attachment-full size-full\" alt=\"\" aria-describedby=\"gallery-1-1426\" srcset=\"https:\/\/smallyesses.com\/wp-content\/uploads\/2026\/04\/3-dawas.jpg 684w, https:\/\/smallyesses.com\/wp-content\/uploads\/2026\/04\/3-dawas-300x300.jpg 300w, https:\/\/smallyesses.com\/wp-content\/uploads\/2026\/04\/3-dawas-150x150.jpg 150w\" sizes=\"(max-width: 684px) 100vw, 684px\" \/><\/a>\n\t\t\t<\/div>\n\t\t\t\t<figcaption class='wp-caption-text gallery-caption' id='gallery-1-1426'>\n\t\t\t\tDawas, Germanist\n\t\t\t\t<\/figcaption><\/figure>\n\t\t<\/div>\n\t\t<\/div>\n\t\t\t\t\t\t<\/div>\n\t\t\t\t\t<\/div>\n\t\t\t\t<\/div>\n\t\t\t\t<\/div>\n\t\t","protected":false},"excerpt":{"rendered":"<p>SmallYesses: aus der Google Ads-Praxis und f\u00fcr sie Die Messagingmethode SmallYesses wurde entwickelt vom Schweizer Texter Aurel Gergey. Aurel ist von Hause aus Werbetexter \u2013 und war einer der fr\u00fchesten Nutzer von Google Ads in der Schweiz. Erste Anzeigen f\u00fcr Google Ads realisierte er bereits 2004. Seither wirkte er an Hunderten von Google Ads-Kampagnen mit [&hellip;]<\/p>\n","protected":false},"author":1,"featured_media":0,"parent":0,"menu_order":0,"comment_status":"closed","ping_status":"closed","template":"","meta":{"_acf_changed":false,"inline_featured_image":false,"footnotes":""},"class_list":["post-51","page","type-page","status-publish","hentry"],"acf":[],"_links":{"self":[{"href":"https:\/\/smallyesses.com\/en\/wp-json\/wp\/v2\/pages\/51","targetHints":{"allow":["GET"]}}],"collection":[{"href":"https:\/\/smallyesses.com\/en\/wp-json\/wp\/v2\/pages"}],"about":[{"href":"https:\/\/smallyesses.com\/en\/wp-json\/wp\/v2\/types\/page"}],"author":[{"embeddable":true,"href":"https:\/\/smallyesses.com\/en\/wp-json\/wp\/v2\/users\/1"}],"replies":[{"embeddable":true,"href":"https:\/\/smallyesses.com\/en\/wp-json\/wp\/v2\/comments?post=51"}],"version-history":[{"count":235,"href":"https:\/\/smallyesses.com\/en\/wp-json\/wp\/v2\/pages\/51\/revisions"}],"predecessor-version":[{"id":1683,"href":"https:\/\/smallyesses.com\/en\/wp-json\/wp\/v2\/pages\/51\/revisions\/1683"}],"wp:attachment":[{"href":"https:\/\/smallyesses.com\/en\/wp-json\/wp\/v2\/media?parent=51"}],"curies":[{"name":"wp","href":"https:\/\/api.w.org\/{rel}","templated":true}]}}