{"id":582,"date":"2026-03-10T08:45:21","date_gmt":"2026-03-10T08:45:21","guid":{"rendered":"https:\/\/smallyesses.com\/?page_id=582"},"modified":"2026-04-23T12:52:24","modified_gmt":"2026-04-23T12:52:24","slug":"datenschutz","status":"publish","type":"page","link":"https:\/\/smallyesses.com\/en\/datenschutz\/","title":{"rendered":"Data protection"},"content":{"rendered":"<div data-elementor-type=\"wp-page\" data-elementor-id=\"582\" class=\"elementor elementor-582\" data-elementor-post-type=\"page\">\n\t\t\t\t<div class=\"elementor-element elementor-element-531cf78 e-flex e-con-boxed e-con e-parent\" data-id=\"531cf78\" data-element_type=\"container\" data-e-type=\"container\" data-settings=\"{&quot;background_background&quot;:&quot;classic&quot;}\">\n\t\t\t\t\t<div class=\"e-con-inner\">\n\t\t\t\t<div class=\"elementor-element elementor-element-3d3840f elementor-widget elementor-widget-heading\" data-id=\"3d3840f\" data-element_type=\"widget\" data-e-type=\"widget\" data-widget_type=\"heading.default\">\n\t\t\t\t\t<h1 class=\"elementor-heading-title elementor-size-default\">Data protection\n<\/h1>\t\t\t\t<\/div>\n\t\t\t\t<div class=\"elementor-element elementor-element-ad95f7b elementor-widget__width-inherit elementor-widget elementor-widget-text-editor\" data-id=\"ad95f7b\" data-element_type=\"widget\" data-e-type=\"widget\" data-widget_type=\"text-editor.default\">\n\t\t\t\t\t\t\t\t\tThe European GDPR guarantees users in the EU full control over their personal data and obliges companies to be transparent and data-minimizing. If SmallYesses has collected data from you, we will gladly provide it to you upon request or delete it.\t\t\t\t\t\t\t\t<\/div>\n\t\t\t\t\t<\/div>\n\t\t\t\t<\/div>\n\t\t\t\t<\/div>","protected":false},"excerpt":{"rendered":"<p>Datenschutz Die europ\u00e4ische DSGVO sichert Nutzern in der EU die volle Kontrolle \u00fcber Deine pers\u00f6nlichen Daten zu und verpflichtet Unternehmen zu Transparenz sowie Datensparsamkeit. Falls SmallYesses Daten von Dir erfasst hat, weisen wir diese auf Wunsch gerne aus oder l\u00f6schen sie.<\/p>","protected":false},"author":1,"featured_media":0,"parent":0,"menu_order":0,"comment_status":"closed","ping_status":"closed","template":"","meta":{"_acf_changed":false,"inline_featured_image":false,"footnotes":""},"class_list":["post-582","page","type-page","status-publish","hentry"],"acf":[],"_links":{"self":[{"href":"https:\/\/smallyesses.com\/en\/wp-json\/wp\/v2\/pages\/582","targetHints":{"allow":["GET"]}}],"collection":[{"href":"https:\/\/smallyesses.com\/en\/wp-json\/wp\/v2\/pages"}],"about":[{"href":"https:\/\/smallyesses.com\/en\/wp-json\/wp\/v2\/types\/page"}],"author":[{"embeddable":true,"href":"https:\/\/smallyesses.com\/en\/wp-json\/wp\/v2\/users\/1"}],"replies":[{"embeddable":true,"href":"https:\/\/smallyesses.com\/en\/wp-json\/wp\/v2\/comments?post=582"}],"version-history":[{"count":18,"href":"https:\/\/smallyesses.com\/en\/wp-json\/wp\/v2\/pages\/582\/revisions"}],"predecessor-version":[{"id":1218,"href":"https:\/\/smallyesses.com\/en\/wp-json\/wp\/v2\/pages\/582\/revisions\/1218"}],"wp:attachment":[{"href":"https:\/\/smallyesses.com\/en\/wp-json\/wp\/v2\/media?parent=582"}],"curies":[{"name":"wp","href":"https:\/\/api.w.org\/{rel}","templated":true}]}}