{"id":722,"date":"2026-04-01T23:21:42","date_gmt":"2026-04-01T23:21:42","guid":{"rendered":"https:\/\/smallyesses.com\/?page_id=722"},"modified":"2026-05-02T19:48:24","modified_gmt":"2026-05-02T19:48:24","slug":"home","status":"publish","type":"page","link":"https:\/\/smallyesses.com\/en\/","title":{"rendered":"Home"},"content":{"rendered":"\t\t<div data-elementor-type=\"wp-page\" data-elementor-id=\"722\" class=\"elementor elementor-722\" data-elementor-post-type=\"page\">\n\t\t\t\t<div class=\"elementor-element elementor-element-ea360e3 e-flex e-con-boxed e-con e-parent\" data-id=\"ea360e3\" data-element_type=\"container\" data-e-type=\"container\" data-settings=\"{&quot;background_background&quot;:&quot;classic&quot;}\">\n\t\t\t\t\t<div class=\"e-con-inner\">\n\t\t\t\t<div class=\"elementor-element elementor-element-0988048 elementor-view-default elementor-widget elementor-widget-icon\" data-id=\"0988048\" data-element_type=\"widget\" data-e-type=\"widget\" data-widget_type=\"icon.default\">\n\t\t\t\t\t\t\t<div class=\"elementor-icon-wrapper\">\n\t\t\t<div class=\"elementor-icon\">\n\t\t\t<svg xmlns=\"http:\/\/www.w3.org\/2000\/svg\" width=\"204\" height=\"173\" viewBox=\"0 0 204 173\" fill=\"none\"><g clip-path=\"url(#clip0_63_83)\"><path d=\"M109.846 23.5909V110.091C109.846 118.61 111.501 126.74 114.811 134.48C118.121 142.221 122.596 148.918 128.236 154.57C133.875 160.222 140.556 164.706 148.28 168.024C156.004 171.341 164.115 173 172.615 173H180.462C182.587 173 184.425 172.222 185.978 170.665C187.531 169.109 188.308 167.266 188.308 165.136V149.409C188.308 147.279 187.531 145.436 185.978 143.88C184.425 142.324 182.587 141.545 180.462 141.545H172.615C163.952 141.545 156.555 138.474 150.425 132.33C144.296 126.187 141.231 118.774 141.231 110.091V106.159C141.231 102.883 142.375 100.098 144.663 97.804C146.952 95.5104 149.731 94.3636 153 94.3636H180.462C187 94.3636 192.558 92.0701 197.135 87.483C201.712 82.8958 204 77.3258 204 70.7727V23.5909C204 17.0379 201.712 11.4678 197.135 6.88068C192.558 2.29356 187 0 180.462 0H133.385C126.846 0 121.288 2.29356 116.712 6.88068C112.135 11.4678 109.846 17.0379 109.846 23.5909ZM0 23.5909V110.091C0 118.61 1.65504 126.74 4.96515 134.48C8.27524 142.221 12.75 148.918 18.3894 154.57C24.0289 160.222 30.7103 164.706 38.4339 168.024C46.1575 171.341 54.2692 173 62.7692 173H70.6154C72.7404 173 74.5793 172.222 76.1322 170.665C77.6851 169.109 78.4615 167.266 78.4615 165.136V149.409C78.4615 147.279 77.6851 145.436 76.1322 143.88C74.5793 142.324 72.7404 141.545 70.6154 141.545H62.7692C54.1058 141.545 46.7091 138.474 40.5793 132.33C34.4495 126.187 31.3846 118.774 31.3846 110.091V106.159C31.3846 102.883 32.5289 100.098 34.8173 97.804C37.1058 95.5104 39.8846 94.3636 43.1539 94.3636H70.6154C77.1538 94.3636 82.7115 92.0701 87.2885 87.483C91.8654 82.8958 94.1538 77.3258 94.1538 70.7727V23.5909C94.1538 17.0379 91.8654 11.4678 87.2885 6.88068C82.7115 2.29356 77.1538 0 70.6154 0H23.5385C17 0 11.4423 2.29356 6.86539 6.88068C2.28847 11.4678 0 17.0379 0 23.5909Z\" fill=\"#EE7157\" fill-opacity=\"0.65\"><\/path><\/g><defs><clipPath id=\"clip0_63_83\"><rect width=\"204\" height=\"173\" fill=\"white\" transform=\"matrix(-1 0 0 1 204 0)\"><\/rect><\/clipPath><\/defs><\/svg>\t\t\t<\/div>\n\t\t<\/div>\n\t\t\t\t\t\t<\/div>\n\t\t\t\t<div class=\"elementor-element elementor-element-45a1a77 elementor-widget elementor-widget-heading\" data-id=\"45a1a77\" data-element_type=\"widget\" data-e-type=\"widget\" data-widget_type=\"heading.default\">\n\t\t\t\t\t<h1 class=\"elementor-heading-title elementor-size-default\">CONVERSIONRATE STEIGERN &amp; KOSTEN SENKEN \u2013\nMIT UNAUSGESPROCHENEN KUNDENFRAGEN\n<\/h1>\t\t\t\t<\/div>\n\t\t\t\t<div class=\"elementor-element elementor-element-1148049 elementor-widget__width-inherit elementor-widget elementor-widget-heading\" data-id=\"1148049\" data-element_type=\"widget\" data-e-type=\"widget\" data-widget_type=\"heading.default\">\n\t\t\t\t\t<h2 class=\"elementor-heading-title elementor-size-default\">SmallYesses: Messaging-Methode f\u00fcr Google Ads<\/h2>\t\t\t\t<\/div>\n\t\t\t\t<div class=\"elementor-element elementor-element-9e953c6 elementor-widget elementor-widget-html\" data-id=\"9e953c6\" data-element_type=\"widget\" data-e-type=\"widget\" data-widget_type=\"html.default\">\n\t\t\t\t\t<style>\r\n\/* Container for particles effect and content *\/\r\n.particles-container {\r\n    position: relative;\r\n    min-height: 10px;\r\n}\r\n\r\n\/* Particles Effect Container *\/\r\n#particles-js {\r\n    width: 100%;\r\n    height: 100%;\r\n    top: 0;\r\n    left: 0;\r\n    z-index: -1;\r\n}\r\n\r\n\/* Particles Canvas *\/\r\n.particles-js-canvas-el {\r\n    width: 100%;\r\n    height: 100%;\r\n    position: absolute;\r\n    z-index: -1;\r\n}\r\n<\/style>\r\n\r\n<div class=\"particles-container\">\r\n    <div id=\"particles-js\"><\/div>\r\n    <\/div>\r\n\r\n<script src=\"https:\/\/cdn.jsdelivr.net\/particles.js\/2.0.0\/particles.min.js\"><\/script> \r\n<script>\r\nparticlesJS(\"particles-js\", {\"particles\":{\"number\":{\"value\":20,\"density\":{\"enable\":true,\"value_area\":1763.753266952075}},\"color\":{\"value\":\"#c3c3c3\"},\"shape\":{\"type\":\"circle\",\"stroke\":{\"width\":4,\"color\":\"#aaaaaa\"},\"polygon\":{\"nb_sides\":5},\"image\":{\"src\":\"img\/github.svg\",\"width\":5,\"height\":50}},\"opacity\":{\"value\":0.09620472365193136,\"random\":false,\"anim\":{\"enable\":false,\"speed\":8.201979844243585,\"opacity_min\":1,\"sync\":false}},\"size\":{\"value\":2,\"random\":true,\"anim\":{\"enable\":false,\"speed\":0.3,\"size_min\":0.1,\"sync\":false}},\"line_linked\":{\"enable\":true,\"distance\":1546.7293775992543,\"color\":\"#afafaf\",\"opacity\":0.2324947488255008,\"width\":2},\"move\":{\"enable\":true,\"speed\":0.7,\"direction\":\"none\",\"random\":false,\"straight\":false,\"out_mode\":\"out\",\"bounce\":false,\"attract\":{\"enable\":false,\"rotateX\":600,\"rotateY\":1200}}},\"interactivity\":{\"detect_on\":\"canvas\",\"events\":{\"onhover\":{\"enable\":false,\"mode\":\"repulse\"},\"onclick\":{\"enable\":false,\"mode\":\"push\"},\"resize\":true},\"modes\":{\"grab\":{\"distance\":400,\"line_linked\":{\"opacity\":1}},\"bubble\":{\"distance\":400,\"size\":40,\"duration\":2,\"opacity\":8,\"speed\":3},\"repulse\":{\"distance\":200,\"duration\":0.4},\"push\":{\"particles_nb\":4},\"remove\":{\"particles_nb\":2}}},\"retina_detect\":true});var count_particles, stats, update; stats = new Stats; stats.setMode(0); stats.domElement.style.position = 'absolute'; stats.domElement.style.left = '0px'; stats.domElement.style.top = '0px'; document.body.appendChild(stats.domElement); count_particles = document.querySelector('.js-count-particles'); update = function() { stats.begin(); stats.end(); if (window.pJSDom[0].pJS.particles && window.pJSDom[0].pJS.particles.array) { count_particles.innerText = window.pJSDom[0].pJS.particles.array.length; } requestAnimationFrame(update); }; requestAnimationFrame(update);;\r\n<\/script>\t\t\t\t<\/div>\n\t\t<div class=\"elementor-element elementor-element-49127b2 e-con-full e-flex e-con e-child\" data-id=\"49127b2\" data-element_type=\"container\" data-e-type=\"container\">\n\t\t\t\t<div class=\"elementor-element elementor-element-34ed059 elementor-widget__width-initial elementor-widget-mobile__width-auto elementor-widget elementor-widget-text-editor\" data-id=\"34ed059\" data-element_type=\"widget\" data-e-type=\"widget\" data-widget_type=\"text-editor.default\">\n\t\t\t\t\t\t\t\t\t<p><strong>Decke unausgesprochene Fragen auf, die Website-Besucher vom Kaufen abhalten <\/strong>und finde \u00fcberzeugende Antworten \u2013 \u00a0mit SmallYesses, der Messaging-Methode f\u00fcr Google Ads. Bew\u00e4hrt seit 2004.<\/p>\t\t\t\t\t\t\t\t<\/div>\n\t\t\t\t<\/div>\n\t\t\t\t\t<\/div>\n\t\t\t\t<\/div>\n\t\t<div class=\"elementor-element elementor-element-0beeb58 e-flex e-con-boxed e-con e-parent\" data-id=\"0beeb58\" data-element_type=\"container\" data-e-type=\"container\" data-settings=\"{&quot;background_background&quot;:&quot;classic&quot;}\">\n\t\t\t\t\t<div class=\"e-con-inner\">\n\t\t<div class=\"elementor-element elementor-element-4edd82a e-grid e-con-full e-con e-child\" data-id=\"4edd82a\" data-element_type=\"container\" data-e-type=\"container\">\n\t\t<div class=\"elementor-element elementor-element-0bc3831 e-con-full e-flex e-con e-child\" data-id=\"0bc3831\" data-element_type=\"container\" data-e-type=\"container\" data-settings=\"{&quot;background_background&quot;:&quot;classic&quot;}\">\n\t\t\t\t<div class=\"elementor-element elementor-element-bd4eb70 elementor-widget elementor-widget-heading\" data-id=\"bd4eb70\" data-element_type=\"widget\" data-e-type=\"widget\" data-widget_type=\"heading.default\">\n\t\t\t\t\t<h2 class=\"elementor-heading-title elementor-size-default\">WAS IST SMALLYESSES?<\/h2>\t\t\t\t<\/div>\n\t\t\t\t<div class=\"elementor-element elementor-element-0ea92c7 elementor-widget elementor-widget-text-editor\" data-id=\"0ea92c7\" data-element_type=\"widget\" data-e-type=\"widget\" data-widget_type=\"text-editor.default\">\n\t\t\t\t\t\t\t\t\t<p>Eine Methode f\u00fcr das Sch\u00e4rfen von Marketing-Botschaften im Umfeld von Google Ads.<\/p>\t\t\t\t\t\t\t\t<\/div>\n\t\t\t\t<div class=\"elementor-element elementor-element-55163b9 elementor-widget elementor-widget-button\" data-id=\"55163b9\" data-element_type=\"widget\" data-e-type=\"widget\" data-widget_type=\"button.default\">\n\t\t\t\t\t\t\t\t\t\t<a class=\"elementor-button elementor-button-link elementor-size-sm\" href=\"https:\/\/smallyesses.com\/methode\/\">\n\t\t\t\t\t\t<span class=\"elementor-button-content-wrapper\">\n\t\t\t\t\t\t<span class=\"elementor-button-icon\">\n\t\t\t\t<svg xmlns=\"http:\/\/www.w3.org\/2000\/svg\" width=\"13\" height=\"13\" viewBox=\"0 0 13 13\" fill=\"none\"><g clip-path=\"url(#clip0_64_190)\"><path d=\"M8.34082 0V4.65918H13V8.34082H8.34082V13H4.65918V8.34082H0V4.65918H4.65918V0H8.34082Z\" fill=\"white\"><\/path><\/g><defs><clipPath id=\"clip0_64_190\"><rect width=\"13\" height=\"13\" fill=\"white\" transform=\"matrix(-1 0 0 1 13 0)\"><\/rect><\/clipPath><\/defs><\/svg>\t\t\t<\/span>\n\t\t\t\t\t\t\t\t\t<span class=\"elementor-button-text\">Methode kennenlernen<\/span>\n\t\t\t\t\t<\/span>\n\t\t\t\t\t<\/a>\n\t\t\t\t\t\t\t\t<\/div>\n\t\t\t\t<\/div>\n\t\t<div class=\"elementor-element elementor-element-2fdb7ea e-con-full e-flex e-con e-child\" data-id=\"2fdb7ea\" data-element_type=\"container\" data-e-type=\"container\" data-settings=\"{&quot;background_background&quot;:&quot;classic&quot;}\">\n\t\t\t\t<div class=\"elementor-element elementor-element-bb19000 elementor-widget elementor-widget-heading\" data-id=\"bb19000\" data-element_type=\"widget\" data-e-type=\"widget\" data-widget_type=\"heading.default\">\n\t\t\t\t\t<h2 class=\"elementor-heading-title elementor-size-default\">WAS BRINGT\nSMALLYESSES?<\/h2>\t\t\t\t<\/div>\n\t\t\t\t<div class=\"elementor-element elementor-element-0690a71 elementor-widget elementor-widget-text-editor\" data-id=\"0690a71\" data-element_type=\"widget\" data-e-type=\"widget\" data-widget_type=\"text-editor.default\">\n\t\t\t\t\t\t\t\t\t<p>H\u00f6here Klick- und Conversionraten, dadurch tiefere Kosten bei der Kundengewinnung mit Google Ads.<\/p>\t\t\t\t\t\t\t\t<\/div>\n\t\t\t\t<div class=\"elementor-element elementor-element-6d0d885 elementor-widget elementor-widget-button\" data-id=\"6d0d885\" data-element_type=\"widget\" data-e-type=\"widget\" data-widget_type=\"button.default\">\n\t\t\t\t\t\t\t\t\t\t<a class=\"elementor-button elementor-button-link elementor-size-sm\" href=\"https:\/\/smallyesses.com\/resultate\/\">\n\t\t\t\t\t\t<span class=\"elementor-button-content-wrapper\">\n\t\t\t\t\t\t<span class=\"elementor-button-icon\">\n\t\t\t\t<svg xmlns=\"http:\/\/www.w3.org\/2000\/svg\" width=\"13\" height=\"13\" viewBox=\"0 0 13 13\" fill=\"none\"><g clip-path=\"url(#clip0_64_190)\"><path d=\"M8.34082 0V4.65918H13V8.34082H8.34082V13H4.65918V8.34082H0V4.65918H4.65918V0H8.34082Z\" fill=\"white\"><\/path><\/g><defs><clipPath id=\"clip0_64_190\"><rect width=\"13\" height=\"13\" fill=\"white\" transform=\"matrix(-1 0 0 1 13 0)\"><\/rect><\/clipPath><\/defs><\/svg>\t\t\t<\/span>\n\t\t\t\t\t\t\t\t\t<span class=\"elementor-button-text\">Kundenstimmen lesen.<\/span>\n\t\t\t\t\t<\/span>\n\t\t\t\t\t<\/a>\n\t\t\t\t\t\t\t\t<\/div>\n\t\t\t\t<\/div>\n\t\t<div class=\"elementor-element elementor-element-1cad4f5 e-con-full e-flex e-con e-child\" data-id=\"1cad4f5\" data-element_type=\"container\" data-e-type=\"container\" data-settings=\"{&quot;background_background&quot;:&quot;classic&quot;}\">\n\t\t\t\t<div class=\"elementor-element elementor-element-d7f3cc0 elementor-widget elementor-widget-heading\" data-id=\"d7f3cc0\" data-element_type=\"widget\" data-e-type=\"widget\" data-widget_type=\"heading.default\">\n\t\t\t\t\t<h2 class=\"elementor-heading-title elementor-size-default\">WER STECKT\nDAHINTER?<\/h2>\t\t\t\t<\/div>\n\t\t\t\t<div class=\"elementor-element elementor-element-48500b2 elementor-widget elementor-widget-text-editor\" data-id=\"48500b2\" data-element_type=\"widget\" data-e-type=\"widget\" data-widget_type=\"text-editor.default\">\n\t\t\t\t\t\t\t\t\t<p>Ein Team rund um Aurel Gergey, erfahrener Google Ads-Texter.<\/p>\t\t\t\t\t\t\t\t<\/div>\n\t\t\t\t<div class=\"elementor-element elementor-element-8869f6f elementor-mobile-align-left elementor-widget elementor-widget-button\" data-id=\"8869f6f\" data-element_type=\"widget\" data-e-type=\"widget\" data-widget_type=\"button.default\">\n\t\t\t\t\t\t\t\t\t\t<a class=\"elementor-button elementor-button-link elementor-size-sm\" href=\"https:\/\/smallyesses.com\/ueber\/\">\n\t\t\t\t\t\t<span class=\"elementor-button-content-wrapper\">\n\t\t\t\t\t\t<span class=\"elementor-button-icon\">\n\t\t\t\t<svg xmlns=\"http:\/\/www.w3.org\/2000\/svg\" width=\"13\" height=\"13\" viewBox=\"0 0 13 13\" fill=\"none\"><g clip-path=\"url(#clip0_64_190)\"><path d=\"M8.34082 0V4.65918H13V8.34082H8.34082V13H4.65918V8.34082H0V4.65918H4.65918V0H8.34082Z\" fill=\"white\"><\/path><\/g><defs><clipPath id=\"clip0_64_190\"><rect width=\"13\" height=\"13\" fill=\"white\" transform=\"matrix(-1 0 0 1 13 0)\"><\/rect><\/clipPath><\/defs><\/svg>\t\t\t<\/span>\n\t\t\t\t\t\t\t\t\t<span class=\"elementor-button-text\">Mehr \u00fcber das Team<\/span>\n\t\t\t\t\t<\/span>\n\t\t\t\t\t<\/a>\n\t\t\t\t\t\t\t\t<\/div>\n\t\t\t\t<\/div>\n\t\t<div class=\"elementor-element elementor-element-70ead59 e-con-full e-flex e-con e-child\" data-id=\"70ead59\" data-element_type=\"container\" data-e-type=\"container\" data-settings=\"{&quot;background_background&quot;:&quot;classic&quot;}\">\n\t\t\t\t<div class=\"elementor-element elementor-element-200976c elementor-widget elementor-widget-heading\" data-id=\"200976c\" data-element_type=\"widget\" data-e-type=\"widget\" data-widget_type=\"heading.default\">\n\t\t\t\t\t<h2 class=\"elementor-heading-title elementor-size-default\">WIE WENDE ICH DIE\nMETHODE SELBST AN?<\/h2>\t\t\t\t<\/div>\n\t\t\t\t<div class=\"elementor-element elementor-element-6f0fcc8 elementor-widget elementor-widget-text-editor\" data-id=\"6f0fcc8\" data-element_type=\"widget\" data-e-type=\"widget\" data-widget_type=\"text-editor.default\">\n\t\t\t\t\t\t\t\t\t<p>Hier gibt es Hilfe zur Selbsthilfe.<\/p>\t\t\t\t\t\t\t\t<\/div>\n\t\t\t\t<div class=\"elementor-element elementor-element-99ed69a elementor-mobile-align-left elementor-widget elementor-widget-button\" data-id=\"99ed69a\" data-element_type=\"widget\" data-e-type=\"widget\" data-widget_type=\"button.default\">\n\t\t\t\t\t\t\t\t\t\t<a class=\"elementor-button elementor-button-link elementor-size-sm\" href=\"https:\/\/smallyesses.com\/wissen\/\">\n\t\t\t\t\t\t<span class=\"elementor-button-content-wrapper\">\n\t\t\t\t\t\t<span class=\"elementor-button-icon\">\n\t\t\t\t<svg xmlns=\"http:\/\/www.w3.org\/2000\/svg\" width=\"13\" height=\"13\" viewBox=\"0 0 13 13\" fill=\"none\"><g clip-path=\"url(#clip0_64_190)\"><path d=\"M8.34082 0V4.65918H13V8.34082H8.34082V13H4.65918V8.34082H0V4.65918H4.65918V0H8.34082Z\" fill=\"white\"><\/path><\/g><defs><clipPath id=\"clip0_64_190\"><rect width=\"13\" height=\"13\" fill=\"white\" transform=\"matrix(-1 0 0 1 13 0)\"><\/rect><\/clipPath><\/defs><\/svg>\t\t\t<\/span>\n\t\t\t\t\t\t\t\t\t<span class=\"elementor-button-text\">Anwendungstipps erhalten<\/span>\n\t\t\t\t\t<\/span>\n\t\t\t\t\t<\/a>\n\t\t\t\t\t\t\t\t<\/div>\n\t\t\t\t<\/div>\n\t\t<div class=\"elementor-element elementor-element-d438303 e-con-full e-flex e-con e-child\" data-id=\"d438303\" data-element_type=\"container\" data-e-type=\"container\" data-settings=\"{&quot;background_background&quot;:&quot;classic&quot;}\">\n\t\t\t\t<div class=\"elementor-element elementor-element-8c311a8 elementor-widget elementor-widget-heading\" data-id=\"8c311a8\" data-element_type=\"widget\" data-e-type=\"widget\" data-widget_type=\"heading.default\">\n\t\t\t\t\t<h2 class=\"elementor-heading-title elementor-size-default\">WIE KONTAKTIERE ICH SMALLYESSES?<\/h2>\t\t\t\t<\/div>\n\t\t\t\t<div class=\"elementor-element elementor-element-ef96cb7 elementor-widget elementor-widget-text-editor\" data-id=\"ef96cb7\" data-element_type=\"widget\" data-e-type=\"widget\" data-widget_type=\"text-editor.default\">\n\t\t\t\t\t\t\t\t\t<p>Hier geht&#8217;s lang zur Qual der Wahl.<\/p>\t\t\t\t\t\t\t\t<\/div>\n\t\t\t\t<div class=\"elementor-element elementor-element-ccf8d52 elementor-mobile-align-left elementor-widget elementor-widget-button\" data-id=\"ccf8d52\" data-element_type=\"widget\" data-e-type=\"widget\" data-widget_type=\"button.default\">\n\t\t\t\t\t\t\t\t\t\t<a class=\"elementor-button elementor-button-link elementor-size-sm\" href=\"https:\/\/smallyesses.com\/kontakt\/\">\n\t\t\t\t\t\t<span class=\"elementor-button-content-wrapper\">\n\t\t\t\t\t\t<span class=\"elementor-button-icon\">\n\t\t\t\t<svg xmlns=\"http:\/\/www.w3.org\/2000\/svg\" width=\"13\" height=\"13\" viewBox=\"0 0 13 13\" fill=\"none\"><g clip-path=\"url(#clip0_64_190)\"><path d=\"M8.34082 0V4.65918H13V8.34082H8.34082V13H4.65918V8.34082H0V4.65918H4.65918V0H8.34082Z\" fill=\"white\"><\/path><\/g><defs><clipPath id=\"clip0_64_190\"><rect width=\"13\" height=\"13\" fill=\"white\" transform=\"matrix(-1 0 0 1 13 0)\"><\/rect><\/clipPath><\/defs><\/svg>\t\t\t<\/span>\n\t\t\t\t\t\t\t\t\t<span class=\"elementor-button-text\">SMALLYESSES KONTAKTIEREN<\/span>\n\t\t\t\t\t<\/span>\n\t\t\t\t\t<\/a>\n\t\t\t\t\t\t\t\t<\/div>\n\t\t\t\t<\/div>\n\t\t<div class=\"elementor-element elementor-element-2be29a2 e-con-full e-flex e-con e-child\" data-id=\"2be29a2\" data-element_type=\"container\" data-e-type=\"container\" data-settings=\"{&quot;background_background&quot;:&quot;classic&quot;}\">\n\t\t\t\t<div class=\"elementor-element elementor-element-f3431b1 elementor-widget elementor-widget-heading\" data-id=\"f3431b1\" data-element_type=\"widget\" data-e-type=\"widget\" data-widget_type=\"heading.default\">\n\t\t\t\t\t<h2 class=\"elementor-heading-title elementor-size-default\">WO FINDE ICH DAS FAQ?<\/h2>\t\t\t\t<\/div>\n\t\t\t\t<div class=\"elementor-element elementor-element-4cc5ff0 elementor-widget elementor-widget-text-editor\" data-id=\"4cc5ff0\" data-element_type=\"widget\" data-e-type=\"widget\" data-widget_type=\"text-editor.default\">\n\t\t\t\t\t\t\t\t\t<p>Antworten auf h\u00e4ufige Fragen rund um SmallYesses.<\/p>\t\t\t\t\t\t\t\t<\/div>\n\t\t\t\t<div class=\"elementor-element elementor-element-a8c42e6 elementor-widget elementor-widget-button\" data-id=\"a8c42e6\" data-element_type=\"widget\" data-e-type=\"widget\" data-widget_type=\"button.default\">\n\t\t\t\t\t\t\t\t\t\t<a class=\"elementor-button elementor-button-link elementor-size-sm\" href=\"https:\/\/smallyesses.com\/faq\">\n\t\t\t\t\t\t<span class=\"elementor-button-content-wrapper\">\n\t\t\t\t\t\t<span class=\"elementor-button-icon\">\n\t\t\t\t<svg xmlns=\"http:\/\/www.w3.org\/2000\/svg\" width=\"13\" height=\"13\" viewBox=\"0 0 13 13\" fill=\"none\"><g clip-path=\"url(#clip0_64_190)\"><path d=\"M8.34082 0V4.65918H13V8.34082H8.34082V13H4.65918V8.34082H0V4.65918H4.65918V0H8.34082Z\" fill=\"white\"><\/path><\/g><defs><clipPath id=\"clip0_64_190\"><rect width=\"13\" height=\"13\" fill=\"white\" transform=\"matrix(-1 0 0 1 13 0)\"><\/rect><\/clipPath><\/defs><\/svg>\t\t\t<\/span>\n\t\t\t\t\t\t\t\t\t<span class=\"elementor-button-text\">ZUM FAQ<\/span>\n\t\t\t\t\t<\/span>\n\t\t\t\t\t<\/a>\n\t\t\t\t\t\t\t\t<\/div>\n\t\t\t\t<\/div>\n\t\t\t\t<\/div>\n\t\t\t\t\t<\/div>\n\t\t\t\t<\/div>\n\t\t<div class=\"elementor-element elementor-element-ee271d6 e-flex e-con-boxed e-con e-parent\" data-id=\"ee271d6\" data-element_type=\"container\" data-e-type=\"container\">\n\t\t\t\t\t<div class=\"e-con-inner\">\n\t\t\t\t\t<\/div>\n\t\t\t\t<\/div>\n\t\t\t\t<\/div>\n\t\t","protected":false},"excerpt":{"rendered":"<p>CONVERSIONRATE STEIGERN &amp; KOSTEN SENKEN \u2013 MIT UNAUSGESPROCHENEN KUNDENFRAGEN SmallYesses: Messaging-Methode f\u00fcr Google Ads Decke unausgesprochene Fragen auf, die Website-Besucher vom Kaufen abhalten und finde \u00fcberzeugende Antworten \u2013 \u00a0mit SmallYesses, der Messaging-Methode f\u00fcr Google Ads. Bew\u00e4hrt seit 2004. WAS IST SMALLYESSES? Eine Methode f\u00fcr das Sch\u00e4rfen von Marketing-Botschaften im Umfeld von Google Ads. Methode kennenlernen [&hellip;]<\/p>\n","protected":false},"author":1,"featured_media":0,"parent":0,"menu_order":0,"comment_status":"closed","ping_status":"closed","template":"","meta":{"_acf_changed":false,"inline_featured_image":false,"footnotes":""},"class_list":["post-722","page","type-page","status-publish","hentry"],"acf":[],"_links":{"self":[{"href":"https:\/\/smallyesses.com\/en\/wp-json\/wp\/v2\/pages\/722","targetHints":{"allow":["GET"]}}],"collection":[{"href":"https:\/\/smallyesses.com\/en\/wp-json\/wp\/v2\/pages"}],"about":[{"href":"https:\/\/smallyesses.com\/en\/wp-json\/wp\/v2\/types\/page"}],"author":[{"embeddable":true,"href":"https:\/\/smallyesses.com\/en\/wp-json\/wp\/v2\/users\/1"}],"replies":[{"embeddable":true,"href":"https:\/\/smallyesses.com\/en\/wp-json\/wp\/v2\/comments?post=722"}],"version-history":[{"count":173,"href":"https:\/\/smallyesses.com\/en\/wp-json\/wp\/v2\/pages\/722\/revisions"}],"predecessor-version":[{"id":1610,"href":"https:\/\/smallyesses.com\/en\/wp-json\/wp\/v2\/pages\/722\/revisions\/1610"}],"wp:attachment":[{"href":"https:\/\/smallyesses.com\/en\/wp-json\/wp\/v2\/media?parent=722"}],"curies":[{"name":"wp","href":"https:\/\/api.w.org\/{rel}","templated":true}]}}